{"id":7168,"date":"2024-03-28T14:26:24","date_gmt":"2024-03-28T13:26:24","guid":{"rendered":"https:\/\/acceptatie.xenox.nl\/?page_id=7168"},"modified":"2024-03-28T14:26:24","modified_gmt":"2024-03-28T13:26:24","slug":"the-sting","status":"publish","type":"page","link":"https:\/\/www.xenox.nl\/en\/wall-of-fame\/the-sting\/","title":{"rendered":"The Sting"},"content":{"rendered":"\n<h2 class=\"wp-block-heading\">Bij Rituals gaat het over geluk vinden in de kleinste momenten, en muziek heeft de kracht om onze stemming te be\u00efnvloeden<\/h2>\n\n\n\n<p>In de wereld van retail is een aangename winkelervaring van onschatbare waarde. Rituals, het spraakmakende lifestyle-merk met meer dan 1000 winkels verspreid over 36 landen in Europa, Azi\u00eb, het Midden-Oosten en Noord- en Zuid-Amerika, staat niet alleen bekend om zijn luxe producten, ge\u00efnspireerd door de wijsheid en tradities van eeuwenoude culturen, maar ook om de onge\u00ebvenaarde instore sfeer die het cre\u00ebert.<\/p>\n\n\n\n<p class=\"has-medium-font-size\"><\/p>\n\n\n\n<figure class=\"wp-block-gallery has-nested-images columns-2 wp-block-gallery-1 is-layout-flex wp-block-gallery-is-layout-flex\">\n<figure class=\"wp-block-image size-large\"><img loading=\"lazy\" decoding=\"async\" width=\"1024\" height=\"683\" data-id=\"5596\" src=\"https:\/\/www.xenox.nl\/wp-content\/uploads\/sites\/7\/2023\/11\/House-of-Rituals_1-1024x683.jpg\" alt=\"\" class=\"wp-image-5596\" srcset=\"https:\/\/www.xenox.nl\/en\/wp-content\/uploads\/sites\/7\/2023\/11\/House-of-Rituals_1-1024x683.jpg 1024w, https:\/\/www.xenox.nl\/en\/wp-content\/uploads\/sites\/7\/2023\/11\/House-of-Rituals_1-300x200.jpg 300w, https:\/\/www.xenox.nl\/en\/wp-content\/uploads\/sites\/7\/2023\/11\/House-of-Rituals_1-768x512.jpg 768w, https:\/\/www.xenox.nl\/en\/wp-content\/uploads\/sites\/7\/2023\/11\/House-of-Rituals_1-1536x1024.jpg 1536w, https:\/\/www.xenox.nl\/en\/wp-content\/uploads\/sites\/7\/2023\/11\/House-of-Rituals_1-900x600.jpg 900w, https:\/\/www.xenox.nl\/en\/wp-content\/uploads\/sites\/7\/2023\/11\/House-of-Rituals_1-480x320.jpg 480w, https:\/\/www.xenox.nl\/en\/wp-content\/uploads\/sites\/7\/2023\/11\/House-of-Rituals_1-210x140.jpg 210w, https:\/\/www.xenox.nl\/en\/wp-content\/uploads\/sites\/7\/2023\/11\/House-of-Rituals_1-750x500.jpg 750w, https:\/\/www.xenox.nl\/en\/wp-content\/uploads\/sites\/7\/2023\/11\/House-of-Rituals_1-600x400.jpg 600w, https:\/\/www.xenox.nl\/en\/wp-content\/uploads\/sites\/7\/2023\/11\/House-of-Rituals_1-696x464.jpg 696w, https:\/\/www.xenox.nl\/en\/wp-content\/uploads\/sites\/7\/2023\/11\/House-of-Rituals_1.jpg 1840w\" sizes=\"auto, (max-width: 1024px) 100vw, 1024px\" \/><figcaption>House of Rituals &#8211; Amsterdam<\/figcaption><\/figure>\n\n\n\n<figure class=\"wp-block-image size-large\"><img loading=\"lazy\" decoding=\"async\" width=\"1024\" height=\"744\" data-id=\"5631\" src=\"https:\/\/www.xenox.nl\/wp-content\/uploads\/sites\/7\/2023\/11\/HouseOfRituals_BodySpa-1024x744.jpg\" alt=\"\" class=\"wp-image-5631\" srcset=\"https:\/\/www.xenox.nl\/en\/wp-content\/uploads\/sites\/7\/2023\/11\/HouseOfRituals_BodySpa-1024x744.jpg 1024w, https:\/\/www.xenox.nl\/en\/wp-content\/uploads\/sites\/7\/2023\/11\/HouseOfRituals_BodySpa-300x218.jpg 300w, https:\/\/www.xenox.nl\/en\/wp-content\/uploads\/sites\/7\/2023\/11\/HouseOfRituals_BodySpa-768x558.jpg 768w, https:\/\/www.xenox.nl\/en\/wp-content\/uploads\/sites\/7\/2023\/11\/HouseOfRituals_BodySpa-826x600.jpg 826w, https:\/\/www.xenox.nl\/en\/wp-content\/uploads\/sites\/7\/2023\/11\/HouseOfRituals_BodySpa-480x349.jpg 480w, https:\/\/www.xenox.nl\/en\/wp-content\/uploads\/sites\/7\/2023\/11\/HouseOfRituals_BodySpa-210x152.jpg 210w, https:\/\/www.xenox.nl\/en\/wp-content\/uploads\/sites\/7\/2023\/11\/HouseOfRituals_BodySpa-750x545.jpg 750w, https:\/\/www.xenox.nl\/en\/wp-content\/uploads\/sites\/7\/2023\/11\/HouseOfRituals_BodySpa-600x436.jpg 600w, https:\/\/www.xenox.nl\/en\/wp-content\/uploads\/sites\/7\/2023\/11\/HouseOfRituals_BodySpa-639x464.jpg 639w, https:\/\/www.xenox.nl\/en\/wp-content\/uploads\/sites\/7\/2023\/11\/HouseOfRituals_BodySpa.jpg 1267w\" sizes=\"auto, (max-width: 1024px) 100vw, 1024px\" \/><figcaption>House of Rituals &#8211; Mind Spa<\/figcaption><\/figure>\n<\/figure>\n\n\n\n<p><\/p>\n\n\n\n<section class=\"block-image-block-26\">\n    \n<section class=\"image-block\">\n    <figure>\n        <picture>\n            <source srcset=\"\"\/>\n            <img decoding=\"async\" src=\"\" alt=\"\" class=\"img-fluid\" \/>\n        <\/picture>\n        \n            <\/figure>\n<\/section>\n<\/section>\n\n\n<p>De merkbeleving komt tot leven in de winkels, waar onze muzieksystemen een cruciale rol spelen. Het is een ervaring die alle zintuigen prikkelt, waarbij de bezoeker direct het vertrouwde Rituals-merk voelt, ruikt, <strong>hoort<\/strong> en ziet. De zorgvuldig gekozen muziek, ge\u00efntegreerd in het winkelconcept, vormt een naadloze toevoeging aan de beleving die Rituals wil bieden.<\/p>\n\n\n\n<p>Onze op maat gemaakte muziek, samengesteld door onze muziekconsultants Tommy en Arjen, omvat tracks met een rustgevende werking die <strong>een gevoel van luxe en welzijn oproepen<\/strong>. Soms bevatten de nummers herkenbare melodie\u00ebn, altijd echter in een unieke en bijzondere uitvoering. Deze zorgvuldig samengestelde muziek draagt bij aan de ontspannen en verfijnde sfeer die Rituals nastreeft voor hun klanten. De muziek vloeit naadloos samen met de filosofie van het merk: &#8216;<em>We\u2019re not here to sell you beauty, we are here to make you feel good.<\/em>&#8216; Ons hoofddoel bij het cre\u00ebren van de muzikale identiteit voor Rituals is om klanten de &#8216;Feel Good&#8217; factor te laten ervaren wanneer ze de Rituals Stores bezoeken.<\/p>\n\n\n\n<p><\/p>\n\n\n\n<p><strong>Wil je de sfeer zelf ervaren? Klik dan op de onderstaande knop om een voorproefje te beluisteren. Horen is geloven!<\/strong><\/p>\n\n\n\n<p><\/p>\n\n\n\n\n\n<div class=\"wp-block-group\"><div class=\"wp-block-group__inner-container is-layout-flow wp-block-group-is-layout-flow\">\n<section class=\"block-image-block-26\">\n    \n<section class=\"image-block\">\n    <figure>\n        <picture>\n            <source srcset=\"\"\/>\n            <img decoding=\"async\" src=\"\" alt=\"\" class=\"img-fluid\" \/>\n        <\/picture>\n        \n            <\/figure>\n<\/section>\n<\/section><\/div><\/div>\n\n\n\n<section class=\"block-image-block-26\">\n    \n<section class=\"image-block\">\n    <figure>\n        <picture>\n            <source srcset=\"https:\/\/www.xenox.nl\/en\/wp-content\/uploads\/sites\/7\/2023\/11\/House-of-Rituals_2-300x200.jpg 300w, https:\/\/www.xenox.nl\/en\/wp-content\/uploads\/sites\/7\/2023\/11\/House-of-Rituals_2-1024x683.jpg 1024w, https:\/\/www.xenox.nl\/en\/wp-content\/uploads\/sites\/7\/2023\/11\/House-of-Rituals_2-768x512.jpg 768w, https:\/\/www.xenox.nl\/en\/wp-content\/uploads\/sites\/7\/2023\/11\/House-of-Rituals_2-1536x1024.jpg 1536w, https:\/\/www.xenox.nl\/en\/wp-content\/uploads\/sites\/7\/2023\/11\/House-of-Rituals_2-900x600.jpg 900w, https:\/\/www.xenox.nl\/en\/wp-content\/uploads\/sites\/7\/2023\/11\/House-of-Rituals_2-480x320.jpg 480w, https:\/\/www.xenox.nl\/en\/wp-content\/uploads\/sites\/7\/2023\/11\/House-of-Rituals_2-210x140.jpg 210w, https:\/\/www.xenox.nl\/en\/wp-content\/uploads\/sites\/7\/2023\/11\/House-of-Rituals_2-750x500.jpg 750w, https:\/\/www.xenox.nl\/en\/wp-content\/uploads\/sites\/7\/2023\/11\/House-of-Rituals_2-600x400.jpg 600w, https:\/\/www.xenox.nl\/en\/wp-content\/uploads\/sites\/7\/2023\/11\/House-of-Rituals_2-696x464.jpg 696w, https:\/\/www.xenox.nl\/en\/wp-content\/uploads\/sites\/7\/2023\/11\/House-of-Rituals_2.jpg 1600w\"\/>\n            <img decoding=\"async\" src=\"https:\/\/www.xenox.nl\/en\/wp-content\/uploads\/sites\/7\/2023\/11\/House-of-Rituals_2.jpg\" alt=\"\" class=\"img-fluid\" \/>\n        <\/picture>\n        \n            <\/figure>\n<\/section>\n<\/section>\n\n\n<figure class=\"wp-block-pullquote\"><blockquote><p>De merkbeleving komt tot leven in de winkels, waar onze muzieksystemen een cruciale rol spelen. Het is een ervaring die alle zintuigen prikkelt, waarbij de bezoeker direct het vertrouwde Rituals-merk voelt, ruikt, <strong>hoort<\/strong> en ziet.<\/p><\/blockquote><\/figure>\n\n\n\n<p>De implementatie van de muzieksystemen verloopt op diverse manieren vanwege de wereldwijde aanwezigheid van Rituals. In sommige gevallen worden X-Radio&#8217;s verzonden en ter plaatse ge\u00efnstalleerd door het team van Rituals. Daarnaast werken we samen met partners die de installatie verzorgen.<\/p>\n\n\n\n<p>Onze expertise omvat ook uitgebreide ondersteuning. We zijn zeven dagen per week beschikbaar om onze klanten bij te staan bij eventuele technische problemen met het muzieksysteem. Op afstand kunnen we inloggen op alle systemen om instellingen te controleren en, indien nodig, aan te passen. Dit stelt ons in staat om de meeste problemen direct op te lossen.<\/p>\n\n\n\n<p><\/p>\n\n\n\n<h3 class=\"wp-block-heading\">Muziek &amp; Identiteit: Een Versterkte Winkelervaring<\/h3>\n\n\n\n<p>De samenwerking tussen Xenox en Rituals toont niet alleen de impact van muziek in de retail, maar benadrukt tevens hoe een strategische partnerschap kan resulteren in een naadloze winkelervaring. De synergie tussen muziek en merkidentiteit versterkt de sfeer en draagt bij aan het succes van de winkelomgeving van Rituals.<\/p>\n\n\n\n<section class=\"block-image-block-26\">\n    \n<section class=\"image-block\">\n    <figure>\n        <picture>\n            <source srcset=\"\"\/>\n            <img decoding=\"async\" src=\"\" alt=\"\" class=\"img-fluid\" \/>\n        <\/picture>\n        \n            <\/figure>\n<\/section>\n<\/section>\n\n\n<p><\/p>\n\n\n\n<p><\/p>\n\n\n\n<p><\/p>\n\n\n\n<p><\/p>\n\n\n\n<figure class=\"wp-block-image size-large\"><img loading=\"lazy\" decoding=\"async\" width=\"1024\" height=\"682\" src=\"https:\/\/www.xenox.nl\/wp-content\/uploads\/sites\/7\/2023\/11\/HouseofRituals_Restaurant-Rouhi-1024x682.jpg\" alt=\"\" class=\"wp-image-5601\" srcset=\"https:\/\/www.xenox.nl\/en\/wp-content\/uploads\/sites\/7\/2023\/11\/HouseofRituals_Restaurant-Rouhi-1024x682.jpg 1024w, https:\/\/www.xenox.nl\/en\/wp-content\/uploads\/sites\/7\/2023\/11\/HouseofRituals_Restaurant-Rouhi-300x200.jpg 300w, https:\/\/www.xenox.nl\/en\/wp-content\/uploads\/sites\/7\/2023\/11\/HouseofRituals_Restaurant-Rouhi-768x512.jpg 768w, https:\/\/www.xenox.nl\/en\/wp-content\/uploads\/sites\/7\/2023\/11\/HouseofRituals_Restaurant-Rouhi-900x600.jpg 900w, https:\/\/www.xenox.nl\/en\/wp-content\/uploads\/sites\/7\/2023\/11\/HouseofRituals_Restaurant-Rouhi-480x320.jpg 480w, https:\/\/www.xenox.nl\/en\/wp-content\/uploads\/sites\/7\/2023\/11\/HouseofRituals_Restaurant-Rouhi-210x140.jpg 210w, https:\/\/www.xenox.nl\/en\/wp-content\/uploads\/sites\/7\/2023\/11\/HouseofRituals_Restaurant-Rouhi-750x500.jpg 750w, https:\/\/www.xenox.nl\/en\/wp-content\/uploads\/sites\/7\/2023\/11\/HouseofRituals_Restaurant-Rouhi-600x400.jpg 600w, https:\/\/www.xenox.nl\/en\/wp-content\/uploads\/sites\/7\/2023\/11\/HouseofRituals_Restaurant-Rouhi-696x464.jpg 696w, https:\/\/www.xenox.nl\/en\/wp-content\/uploads\/sites\/7\/2023\/11\/HouseofRituals_Restaurant-Rouhi.jpg 1280w\" sizes=\"auto, (max-width: 1024px) 100vw, 1024px\" \/><figcaption>House of Rituals Amsterdam- Restaurant-Rouhi<\/figcaption><\/figure>\n\n\n\n<section class=\"block-image-block-26\">\n    \n<section class=\"image-block\">\n    <figure>\n        <picture>\n            <source srcset=\"\"\/>\n            <img decoding=\"async\" src=\"\" alt=\"\" class=\"img-fluid\" \/>\n        <\/picture>\n        \n            <\/figure>\n<\/section>\n<\/section>\n\n\n<p><strong>FACTS &amp; FIGURES<\/strong><\/p>\n\n\n\n<p><\/p>\n\n\n\n<p>\u2022 Xenox klant sinds: Januari 2017<br>\u2022 Cre\u00ebren Branded Music Channels <br>\u2022 <strong><em>Rituals Radio \/\/ Rituals Radio Afternoon<\/em><\/strong><br>\u2022 Leveren X-Radio&#8217;s<br>\u2022 Implementatie \/\/ Project Management \/ Logistiek<br>\u2022 Helpdesk voor alle Rituals Stores \/\/ Wereldwijde service<\/p>\n","protected":false},"excerpt":{"rendered":"<p>Bij Rituals gaat het over geluk vinden in de kleinste momenten, en muziek heeft de kracht om onze stemming te be\u00efnvloeden In de wereld van retail is een aangename winkelervaring van onschatbare waarde. Rituals, het spraakmakende lifestyle-merk met meer dan 1000 winkels verspreid over 36 landen in Europa, Azi\u00eb, het Midden-Oosten en Noord- en Zuid-Amerika, [&hellip;]<\/p>\n","protected":false},"author":2,"featured_media":5071,"parent":217,"menu_order":0,"comment_status":"closed","ping_status":"closed","template":"","meta":{"_acf_changed":false,"_trash_the_other_posts":false,"editor_notices":[],"footnotes":""},"class_list":["post-7168","page","type-page","status-publish","has-post-thumbnail","hentry"],"acf":[],"yoast_head":"<!-- This site is optimized with the Yoast SEO plugin v27.3 - https:\/\/yoast.com\/product\/yoast-seo-wordpress\/ -->\n<title>The Sting - Xenox Music Media | EN<\/title>\n<meta name=\"robots\" content=\"index, follow, max-snippet:-1, max-image-preview:large, max-video-preview:-1\" \/>\n<link rel=\"canonical\" href=\"https:\/\/www.xenox.nl\/en\/wall-of-fame\/the-sting\/\" \/>\n<meta property=\"og:locale\" content=\"en_US\" \/>\n<meta property=\"og:type\" content=\"article\" \/>\n<meta property=\"og:title\" content=\"The Sting - Xenox Music Media | EN\" \/>\n<meta property=\"og:description\" content=\"Bij Rituals gaat het over geluk vinden in de kleinste momenten, en muziek heeft de kracht om onze stemming te be\u00efnvloeden In de wereld van retail is een aangename winkelervaring van onschatbare waarde. Rituals, het spraakmakende lifestyle-merk met meer dan 1000 winkels verspreid over 36 landen in Europa, Azi\u00eb, het Midden-Oosten en Noord- en Zuid-Amerika, [&hellip;]\" \/>\n<meta property=\"og:url\" content=\"https:\/\/www.xenox.nl\/en\/wall-of-fame\/the-sting\/\" \/>\n<meta property=\"og:site_name\" content=\"Xenox Music Media | EN\" \/>\n<meta property=\"og:image\" content=\"https:\/\/www.xenox.nl\/en\/wp-content\/uploads\/sites\/7\/2023\/10\/Branded-Music_Rituals.jpg\" \/>\n\t<meta property=\"og:image:width\" content=\"1242\" \/>\n\t<meta property=\"og:image:height\" content=\"1242\" \/>\n\t<meta property=\"og:image:type\" content=\"image\/jpeg\" \/>\n<meta name=\"twitter:card\" content=\"summary_large_image\" \/>\n<meta name=\"twitter:label1\" content=\"Est. reading time\" \/>\n\t<meta name=\"twitter:data1\" content=\"3 minutes\" \/>\n<script type=\"application\/ld+json\" class=\"yoast-schema-graph\">{\"@context\":\"https:\\\/\\\/schema.org\",\"@graph\":[{\"@type\":\"WebPage\",\"@id\":\"https:\\\/\\\/www.xenox.nl\\\/en\\\/wall-of-fame\\\/the-sting\\\/\",\"url\":\"https:\\\/\\\/www.xenox.nl\\\/en\\\/wall-of-fame\\\/the-sting\\\/\",\"name\":\"The Sting - Xenox Music Media | EN\",\"isPartOf\":{\"@id\":\"https:\\\/\\\/www.xenox.nl\\\/en\\\/#website\"},\"primaryImageOfPage\":{\"@id\":\"https:\\\/\\\/www.xenox.nl\\\/en\\\/wall-of-fame\\\/the-sting\\\/#primaryimage\"},\"image\":{\"@id\":\"https:\\\/\\\/www.xenox.nl\\\/en\\\/wall-of-fame\\\/the-sting\\\/#primaryimage\"},\"thumbnailUrl\":\"https:\\\/\\\/www.xenox.nl\\\/en\\\/wp-content\\\/uploads\\\/sites\\\/7\\\/2023\\\/10\\\/Branded-Music_Rituals.jpg\",\"datePublished\":\"2024-03-28T13:26:24+00:00\",\"breadcrumb\":{\"@id\":\"https:\\\/\\\/www.xenox.nl\\\/en\\\/wall-of-fame\\\/the-sting\\\/#breadcrumb\"},\"inLanguage\":\"en-US\",\"potentialAction\":[{\"@type\":\"ReadAction\",\"target\":[\"https:\\\/\\\/www.xenox.nl\\\/en\\\/wall-of-fame\\\/the-sting\\\/\"]}]},{\"@type\":\"ImageObject\",\"inLanguage\":\"en-US\",\"@id\":\"https:\\\/\\\/www.xenox.nl\\\/en\\\/wall-of-fame\\\/the-sting\\\/#primaryimage\",\"url\":\"https:\\\/\\\/www.xenox.nl\\\/en\\\/wp-content\\\/uploads\\\/sites\\\/7\\\/2023\\\/10\\\/Branded-Music_Rituals.jpg\",\"contentUrl\":\"https:\\\/\\\/www.xenox.nl\\\/en\\\/wp-content\\\/uploads\\\/sites\\\/7\\\/2023\\\/10\\\/Branded-Music_Rituals.jpg\",\"width\":1242,\"height\":1242},{\"@type\":\"BreadcrumbList\",\"@id\":\"https:\\\/\\\/www.xenox.nl\\\/en\\\/wall-of-fame\\\/the-sting\\\/#breadcrumb\",\"itemListElement\":[{\"@type\":\"ListItem\",\"position\":1,\"name\":\"Home\",\"item\":\"https:\\\/\\\/www.xenox.nl\\\/en\\\/\"},{\"@type\":\"ListItem\",\"position\":2,\"name\":\"Wall of Fame.\",\"item\":\"https:\\\/\\\/www.xenox.nl\\\/en\\\/wall-of-fame\\\/\"},{\"@type\":\"ListItem\",\"position\":3,\"name\":\"The Sting\"}]},{\"@type\":\"WebSite\",\"@id\":\"https:\\\/\\\/www.xenox.nl\\\/en\\\/#website\",\"url\":\"https:\\\/\\\/www.xenox.nl\\\/en\\\/\",\"name\":\"Xenox Music Media | EN\",\"description\":\"Specialist in achtergrondmuziek, muziekcomputers en narrowcasting voor o.a. de Horeca. Altijd de beste muziek en het mooiste beeld in jouw onderneming!\",\"potentialAction\":[{\"@type\":\"SearchAction\",\"target\":{\"@type\":\"EntryPoint\",\"urlTemplate\":\"https:\\\/\\\/www.xenox.nl\\\/en\\\/?s={search_term_string}\"},\"query-input\":{\"@type\":\"PropertyValueSpecification\",\"valueRequired\":true,\"valueName\":\"search_term_string\"}}],\"inLanguage\":\"en-US\"}]}<\/script>\n<!-- \/ Yoast SEO plugin. -->","yoast_head_json":{"title":"The Sting - Xenox Music Media | EN","robots":{"index":"index","follow":"follow","max-snippet":"max-snippet:-1","max-image-preview":"max-image-preview:large","max-video-preview":"max-video-preview:-1"},"canonical":"https:\/\/www.xenox.nl\/en\/wall-of-fame\/the-sting\/","og_locale":"en_US","og_type":"article","og_title":"The Sting - Xenox Music Media | EN","og_description":"Bij Rituals gaat het over geluk vinden in de kleinste momenten, en muziek heeft de kracht om onze stemming te be\u00efnvloeden In de wereld van retail is een aangename winkelervaring van onschatbare waarde. Rituals, het spraakmakende lifestyle-merk met meer dan 1000 winkels verspreid over 36 landen in Europa, Azi\u00eb, het Midden-Oosten en Noord- en Zuid-Amerika, [&hellip;]","og_url":"https:\/\/www.xenox.nl\/en\/wall-of-fame\/the-sting\/","og_site_name":"Xenox Music Media | EN","og_image":[{"width":1242,"height":1242,"url":"https:\/\/www.xenox.nl\/en\/wp-content\/uploads\/sites\/7\/2023\/10\/Branded-Music_Rituals.jpg","type":"image\/jpeg"}],"twitter_card":"summary_large_image","twitter_misc":{"Est. reading time":"3 minutes"},"schema":{"@context":"https:\/\/schema.org","@graph":[{"@type":"WebPage","@id":"https:\/\/www.xenox.nl\/en\/wall-of-fame\/the-sting\/","url":"https:\/\/www.xenox.nl\/en\/wall-of-fame\/the-sting\/","name":"The Sting - Xenox Music Media | EN","isPartOf":{"@id":"https:\/\/www.xenox.nl\/en\/#website"},"primaryImageOfPage":{"@id":"https:\/\/www.xenox.nl\/en\/wall-of-fame\/the-sting\/#primaryimage"},"image":{"@id":"https:\/\/www.xenox.nl\/en\/wall-of-fame\/the-sting\/#primaryimage"},"thumbnailUrl":"https:\/\/www.xenox.nl\/en\/wp-content\/uploads\/sites\/7\/2023\/10\/Branded-Music_Rituals.jpg","datePublished":"2024-03-28T13:26:24+00:00","breadcrumb":{"@id":"https:\/\/www.xenox.nl\/en\/wall-of-fame\/the-sting\/#breadcrumb"},"inLanguage":"en-US","potentialAction":[{"@type":"ReadAction","target":["https:\/\/www.xenox.nl\/en\/wall-of-fame\/the-sting\/"]}]},{"@type":"ImageObject","inLanguage":"en-US","@id":"https:\/\/www.xenox.nl\/en\/wall-of-fame\/the-sting\/#primaryimage","url":"https:\/\/www.xenox.nl\/en\/wp-content\/uploads\/sites\/7\/2023\/10\/Branded-Music_Rituals.jpg","contentUrl":"https:\/\/www.xenox.nl\/en\/wp-content\/uploads\/sites\/7\/2023\/10\/Branded-Music_Rituals.jpg","width":1242,"height":1242},{"@type":"BreadcrumbList","@id":"https:\/\/www.xenox.nl\/en\/wall-of-fame\/the-sting\/#breadcrumb","itemListElement":[{"@type":"ListItem","position":1,"name":"Home","item":"https:\/\/www.xenox.nl\/en\/"},{"@type":"ListItem","position":2,"name":"Wall of Fame.","item":"https:\/\/www.xenox.nl\/en\/wall-of-fame\/"},{"@type":"ListItem","position":3,"name":"The Sting"}]},{"@type":"WebSite","@id":"https:\/\/www.xenox.nl\/en\/#website","url":"https:\/\/www.xenox.nl\/en\/","name":"Xenox Music Media | EN","description":"Specialist in achtergrondmuziek, muziekcomputers en narrowcasting voor o.a. de Horeca. Altijd de beste muziek en het mooiste beeld in jouw onderneming!","potentialAction":[{"@type":"SearchAction","target":{"@type":"EntryPoint","urlTemplate":"https:\/\/www.xenox.nl\/en\/?s={search_term_string}"},"query-input":{"@type":"PropertyValueSpecification","valueRequired":true,"valueName":"search_term_string"}}],"inLanguage":"en-US"}]}},"_links":{"self":[{"href":"https:\/\/www.xenox.nl\/en\/wp-json\/wp\/v2\/pages\/7168","targetHints":{"allow":["GET"]}}],"collection":[{"href":"https:\/\/www.xenox.nl\/en\/wp-json\/wp\/v2\/pages"}],"about":[{"href":"https:\/\/www.xenox.nl\/en\/wp-json\/wp\/v2\/types\/page"}],"author":[{"embeddable":true,"href":"https:\/\/www.xenox.nl\/en\/wp-json\/wp\/v2\/users\/2"}],"replies":[{"embeddable":true,"href":"https:\/\/www.xenox.nl\/en\/wp-json\/wp\/v2\/comments?post=7168"}],"version-history":[{"count":1,"href":"https:\/\/www.xenox.nl\/en\/wp-json\/wp\/v2\/pages\/7168\/revisions"}],"predecessor-version":[{"id":7169,"href":"https:\/\/www.xenox.nl\/en\/wp-json\/wp\/v2\/pages\/7168\/revisions\/7169"}],"up":[{"embeddable":true,"href":"https:\/\/www.xenox.nl\/en\/wp-json\/wp\/v2\/pages\/217"}],"wp:featuredmedia":[{"embeddable":true,"href":"https:\/\/www.xenox.nl\/en\/wp-json\/wp\/v2\/media\/5071"}],"wp:attachment":[{"href":"https:\/\/www.xenox.nl\/en\/wp-json\/wp\/v2\/media?parent=7168"}],"curies":[{"name":"wp","href":"https:\/\/api.w.org\/{rel}","templated":true}]}}