{"id":3901,"date":"2023-06-29T12:55:25","date_gmt":"2023-06-29T10:55:25","guid":{"rendered":"https:\/\/acceptatie.xenox.nl\/?page_id=3901"},"modified":"2023-12-04T14:21:32","modified_gmt":"2023-12-04T13:21:32","slug":"expresso","status":"publish","type":"page","link":"https:\/\/www.xenox.nl\/en\/wall-of-fame\/expresso\/","title":{"rendered":"Expresso"},"content":{"rendered":"\n<h2 class=\"has-large-font-size wp-block-heading\">Ontdek de wereld van Expresso<\/h2>\n\n\n\n<div class=\"wp-block-group\"><div class=\"wp-block-group__inner-container is-layout-flow wp-block-group-is-layout-flow\"><\/div><\/div>\n\n\n\n<p>Ontdek de wereld van het Nederlandse modemerk met een duidelijk eigen handschrift en een uitgesproken vrouwelijke signatuur. Expresso streeft ernaar met hun collecties de klanten te helpen bij het accentueren van hun sterkste punten en het geraffineerd verbloemen van hun zwakkere punten. De collecties van Expresso, vier per jaar met meerdere thema\u2019s, beschikken over een uitstekende pasvorm en een maatvoering van maat 34 t\/m 46. Expresso gelooft dat elegantie, comfort, originaliteit en individualiteit essenti\u00eble elementen zijn voor elke vrouw. Werkelijk iedere vrouw kan er terecht, de items vari\u00ebren namelijk van formele, maar wel toegankelijke pakken tot een party outfit. Kortom: mode voor elk draagmoment.<\/p>\n\n\n\n<p><\/p>\n\n\n\n<p class=\"has-medium-font-size\"><strong>Beleving tot in Detail: Expresso&#8217;s Samenwerking met Xenox<\/strong><\/p>\n\n\n\n<p>Expresso gaat verder dan alleen kleding. Het merk streeft ernaar om een totaalbeleving te bieden aan haar klanten, zowel in de winkels als online. Daarom heeft Expresso de samenwerking gezocht met Xenox. Xenox verzorgt niet alleen de muziek, maar ook de schermbeleving in de winkels en etalages. Op deze manier wordt er een harmonieuze en inspirerende omgeving gecre\u00eberd waar klanten zich kunnen onderdompelen in de wereld van Expresso.<\/p>\n\n\n\n<section class=\"block-image-block-26\">\n    \n<section class=\"image-block\">\n    <figure>\n        <picture>\n            <source srcset=\"\"\/>\n            <img decoding=\"async\" src=\"\" alt=\"\" class=\"img-fluid\" \/>\n        <\/picture>\n        \n            <\/figure>\n<\/section>\n<\/section>\n\n\n<div class=\"wp-block-columns alignwide are-vertically-aligned-top is-layout-flex wp-container-core-columns-is-layout-bd0aba32 wp-block-columns-is-layout-flex\">\n<div class=\"wp-block-column is-vertically-aligned-top is-layout-flow wp-block-column-is-layout-flow\">\n<div class=\"wp-block-group wp-container-content-231d8afb is-vertical is-content-justification-left is-nowrap is-layout-flex wp-container-core-group-is-layout-ee1c9ac2 wp-block-group-is-layout-flex\" style=\"margin-top:0;margin-bottom:0\">\n<figure class=\"wp-block-image size-large wp-container-content-0733e5d0\"><img loading=\"lazy\" decoding=\"async\" width=\"793\" height=\"1024\" src=\"https:\/\/www.xenox.nl\/wp-content\/uploads\/sites\/7\/2023\/12\/Klantverhaal_Expresso_3-793x1024.jpg\" alt=\"\" class=\"wp-image-6174\" srcset=\"https:\/\/www.xenox.nl\/en\/wp-content\/uploads\/sites\/7\/2023\/12\/Klantverhaal_Expresso_3-793x1024.jpg 793w, https:\/\/www.xenox.nl\/en\/wp-content\/uploads\/sites\/7\/2023\/12\/Klantverhaal_Expresso_3-232x300.jpg 232w, https:\/\/www.xenox.nl\/en\/wp-content\/uploads\/sites\/7\/2023\/12\/Klantverhaal_Expresso_3-768x992.jpg 768w, https:\/\/www.xenox.nl\/en\/wp-content\/uploads\/sites\/7\/2023\/12\/Klantverhaal_Expresso_3-1190x1536.jpg 1190w, https:\/\/www.xenox.nl\/en\/wp-content\/uploads\/sites\/7\/2023\/12\/Klantverhaal_Expresso_3-1586x2048.jpg 1586w, https:\/\/www.xenox.nl\/en\/wp-content\/uploads\/sites\/7\/2023\/12\/Klantverhaal_Expresso_3-465x600.jpg 465w, https:\/\/www.xenox.nl\/en\/wp-content\/uploads\/sites\/7\/2023\/12\/Klantverhaal_Expresso_3-387x500.jpg 387w, https:\/\/www.xenox.nl\/en\/wp-content\/uploads\/sites\/7\/2023\/12\/Klantverhaal_Expresso_3-163x210.jpg 163w, https:\/\/www.xenox.nl\/en\/wp-content\/uploads\/sites\/7\/2023\/12\/Klantverhaal_Expresso_3-600x775.jpg 600w, https:\/\/www.xenox.nl\/en\/wp-content\/uploads\/sites\/7\/2023\/12\/Klantverhaal_Expresso_3-359x464.jpg 359w, https:\/\/www.xenox.nl\/en\/wp-content\/uploads\/sites\/7\/2023\/12\/Klantverhaal_Expresso_3.jpg 1652w\" sizes=\"auto, (max-width: 793px) 100vw, 793px\" \/><\/figure>\n\n\n\n<div class=\"wp-block-group is-vertical is-nowrap is-layout-flex wp-container-core-group-is-layout-ebc71d8e wp-block-group-is-layout-flex\"><\/div>\n<\/div>\n<\/div>\n\n\n\n<div class=\"wp-block-column is-vertically-aligned-top is-layout-flow wp-block-column-is-layout-flow\">\n<div class=\"wp-block-group wp-container-content-231d8afb is-vertical is-layout-flex wp-container-core-group-is-layout-692d0fb7 wp-block-group-is-layout-flex\" style=\"margin-top:0;margin-bottom:0\">\n<div class=\"wp-block-group is-vertical is-nowrap is-layout-flex wp-container-core-group-is-layout-ebc71d8e wp-block-group-is-layout-flex\">\n<div style=\"height:80px\" aria-hidden=\"true\" class=\"wp-block-spacer\"><\/div>\n<\/div>\n\n\n\n<figure class=\"wp-block-image size-large\" style=\"font-size:14px\"><img loading=\"lazy\" decoding=\"async\" width=\"793\" height=\"1024\" src=\"https:\/\/www.xenox.nl\/wp-content\/uploads\/sites\/7\/2023\/12\/Klantverhaal_Expresso_4-793x1024.jpg\" alt=\"\" class=\"wp-image-6175\" srcset=\"https:\/\/www.xenox.nl\/en\/wp-content\/uploads\/sites\/7\/2023\/12\/Klantverhaal_Expresso_4-793x1024.jpg 793w, https:\/\/www.xenox.nl\/en\/wp-content\/uploads\/sites\/7\/2023\/12\/Klantverhaal_Expresso_4-232x300.jpg 232w, https:\/\/www.xenox.nl\/en\/wp-content\/uploads\/sites\/7\/2023\/12\/Klantverhaal_Expresso_4-768x992.jpg 768w, https:\/\/www.xenox.nl\/en\/wp-content\/uploads\/sites\/7\/2023\/12\/Klantverhaal_Expresso_4-1190x1536.jpg 1190w, https:\/\/www.xenox.nl\/en\/wp-content\/uploads\/sites\/7\/2023\/12\/Klantverhaal_Expresso_4-1586x2048.jpg 1586w, https:\/\/www.xenox.nl\/en\/wp-content\/uploads\/sites\/7\/2023\/12\/Klantverhaal_Expresso_4-465x600.jpg 465w, https:\/\/www.xenox.nl\/en\/wp-content\/uploads\/sites\/7\/2023\/12\/Klantverhaal_Expresso_4-387x500.jpg 387w, https:\/\/www.xenox.nl\/en\/wp-content\/uploads\/sites\/7\/2023\/12\/Klantverhaal_Expresso_4-163x210.jpg 163w, https:\/\/www.xenox.nl\/en\/wp-content\/uploads\/sites\/7\/2023\/12\/Klantverhaal_Expresso_4-600x775.jpg 600w, https:\/\/www.xenox.nl\/en\/wp-content\/uploads\/sites\/7\/2023\/12\/Klantverhaal_Expresso_4-359x464.jpg 359w, https:\/\/www.xenox.nl\/en\/wp-content\/uploads\/sites\/7\/2023\/12\/Klantverhaal_Expresso_4.jpg 1652w\" sizes=\"auto, (max-width: 793px) 100vw, 793px\" \/><\/figure>\n<\/div>\n<\/div>\n<\/div>\n\n\n\n<section class=\"block-image-block-26\">\n    \n<section class=\"image-block\">\n    <figure>\n        <picture>\n            <source srcset=\"\"\/>\n            <img decoding=\"async\" src=\"\" alt=\"\" class=\"img-fluid\" \/>\n        <\/picture>\n        \n            <\/figure>\n<\/section>\n<\/section>\n\n\n<p class=\"has-medium-font-size\"><strong>Controle in eigen hand: Expresso&#8217;s schermbeleving via de Spotlight Media Player<\/strong><\/p>\n\n\n\n<p>Via de Spotlight Media Player komen levendige campagnebeelden en inspirerende outfits tot leven op de schermen in de winkels en etalages van Expresso. De winkels bevinden zich op A-locaties in de grotere steden van Nederland, waar het cruciaal is om in de drukke winkelstraten op te vallen. Expresso heeft daarom een etalagescherm-concept ontwikkeld, gericht op Digitale Signage om voorbijgangers te verleiden tot enthousiaste shoppers. Dankzij deze benadering trekt pakkende content de consument naar de winkel, waar bewegend beeld verrast en inspireert!<\/p>\n\n\n\n<p>Expresso heeft zelf de controle en regie over de inhoud en programmering van de schermen. Dit wordt mogelijk gemaakt door online platform, XMS. Hiermee kan de marketingafdeling van Expresso moeiteloos de content uploaden en plannen. Hoewel we incidenteel technische ondersteuning bieden bij het uploaden van beeldmateriaal, is het narrowcastingsysteem eenvoudig en gebruiksvriendelijk.<\/p>\n\n\n\n<p>De marketingafdeling past de content centraal aan op basis van de thema&#8217;s van de verschillende collecties, waardoor de schermen in alle filialen automatisch worden ge\u00fcpdatet met \u00e9\u00e9n druk op de knop. Zo blijft het merk Expresso springlevend en behoudt het zijn kenmerkende stijl. Niet alleen blijft Expresso actueel, maar het speelt ook moeiteloos in op de dynamiek van de modewereld.<\/p>\n\n\n\n<p><\/p>\n\n\n\n<div class=\"wp-block-columns alignwide are-vertically-aligned-top is-layout-flex wp-container-core-columns-is-layout-bd0aba32 wp-block-columns-is-layout-flex\">\n<div class=\"wp-block-column is-vertically-aligned-top is-layout-flow wp-block-column-is-layout-flow\">\n<div class=\"wp-block-group wp-container-content-231d8afb is-vertical is-content-justification-left is-nowrap is-layout-flex wp-container-core-group-is-layout-ee1c9ac2 wp-block-group-is-layout-flex\" style=\"margin-top:0;margin-bottom:0\">\n<div class=\"wp-block-group is-vertical is-nowrap is-layout-flex wp-container-core-group-is-layout-ebc71d8e wp-block-group-is-layout-flex\"><\/div>\n<\/div>\n<\/div>\n\n\n\n<div class=\"wp-block-column is-vertically-aligned-top is-layout-flow wp-block-column-is-layout-flow\">\n<div class=\"wp-block-group wp-container-content-231d8afb is-vertical is-layout-flex wp-container-core-group-is-layout-692d0fb7 wp-block-group-is-layout-flex\" style=\"margin-top:0;margin-bottom:0\">\n<div class=\"wp-block-group is-vertical is-nowrap is-layout-flex wp-container-core-group-is-layout-ebc71d8e wp-block-group-is-layout-flex\">\n<div style=\"height:80px\" aria-hidden=\"true\" class=\"wp-block-spacer\"><\/div>\n<\/div>\n<\/div>\n<\/div>\n<\/div>\n\n\n\n<section class=\"block-image-block-26\">\n    \n<section class=\"image-block\">\n    <figure>\n        <picture>\n            <source srcset=\"\"\/>\n            <img decoding=\"async\" src=\"\" alt=\"\" class=\"img-fluid\" \/>\n        <\/picture>\n        \n            <\/figure>\n<\/section>\n<\/section>\n\n\n<p><\/p>\n\n\n\n<figure class=\"wp-block-image size-full\"><img loading=\"lazy\" decoding=\"async\" width=\"1024\" height=\"768\" src=\"https:\/\/www.xenox.nl\/wp-content\/uploads\/sites\/7\/2023\/12\/Klantverhaal_Expresso_liggend.jpg\" alt=\"\" class=\"wp-image-6179\" srcset=\"https:\/\/www.xenox.nl\/en\/wp-content\/uploads\/sites\/7\/2023\/12\/Klantverhaal_Expresso_liggend.jpg 1024w, https:\/\/www.xenox.nl\/en\/wp-content\/uploads\/sites\/7\/2023\/12\/Klantverhaal_Expresso_liggend-300x225.jpg 300w, https:\/\/www.xenox.nl\/en\/wp-content\/uploads\/sites\/7\/2023\/12\/Klantverhaal_Expresso_liggend-768x576.jpg 768w, https:\/\/www.xenox.nl\/en\/wp-content\/uploads\/sites\/7\/2023\/12\/Klantverhaal_Expresso_liggend-800x600.jpg 800w, https:\/\/www.xenox.nl\/en\/wp-content\/uploads\/sites\/7\/2023\/12\/Klantverhaal_Expresso_liggend-480x360.jpg 480w, https:\/\/www.xenox.nl\/en\/wp-content\/uploads\/sites\/7\/2023\/12\/Klantverhaal_Expresso_liggend-210x158.jpg 210w, https:\/\/www.xenox.nl\/en\/wp-content\/uploads\/sites\/7\/2023\/12\/Klantverhaal_Expresso_liggend-750x563.jpg 750w, https:\/\/www.xenox.nl\/en\/wp-content\/uploads\/sites\/7\/2023\/12\/Klantverhaal_Expresso_liggend-600x450.jpg 600w, https:\/\/www.xenox.nl\/en\/wp-content\/uploads\/sites\/7\/2023\/12\/Klantverhaal_Expresso_liggend-619x464.jpg 619w\" sizes=\"auto, (max-width: 1024px) 100vw, 1024px\" \/><figcaption>Expresso en Xenox streven samen naar het laten stralen van elke vrouw en het helpen vinden van haar eigen stijl.<\/figcaption><\/figure>\n\n\n\n<p><\/p>\n\n\n\n<p><\/p>\n\n\n\n<p><em>Verken het stijlvolle merk en laatste collectie van Expresso op hun <a href=\"https:\/\/www.expresso.nl\" target=\"_blank\" rel=\"noreferrer noopener\">website<\/a>.<\/em><\/p>\n","protected":false},"excerpt":{"rendered":"<p>Ontdek de wereld van Expresso Ontdek de wereld van het Nederlandse modemerk met een duidelijk eigen handschrift en een uitgesproken vrouwelijke signatuur. Expresso streeft ernaar met hun collecties de klanten te helpen bij het accentueren van hun sterkste punten en het geraffineerd verbloemen van hun zwakkere punten. De collecties van Expresso, vier per jaar met [&hellip;]<\/p>\n","protected":false},"author":2,"featured_media":1441,"parent":217,"menu_order":0,"comment_status":"closed","ping_status":"closed","template":"","meta":{"_acf_changed":false,"_trash_the_other_posts":false,"editor_notices":[],"footnotes":""},"class_list":["post-3901","page","type-page","status-publish","has-post-thumbnail","hentry"],"acf":[],"yoast_head":"<!-- This site is optimized with the Yoast SEO plugin v27.3 - https:\/\/yoast.com\/product\/yoast-seo-wordpress\/ -->\n<title>Expresso - Xenox Music Media | EN<\/title>\n<meta name=\"robots\" content=\"index, follow, max-snippet:-1, max-image-preview:large, max-video-preview:-1\" \/>\n<link rel=\"canonical\" href=\"https:\/\/www.xenox.nl\/en\/wall-of-fame\/expresso\/\" \/>\n<meta property=\"og:locale\" content=\"en_US\" \/>\n<meta property=\"og:type\" content=\"article\" \/>\n<meta property=\"og:title\" content=\"Expresso - Xenox Music Media | EN\" \/>\n<meta property=\"og:description\" content=\"Ontdek de wereld van Expresso Ontdek de wereld van het Nederlandse modemerk met een duidelijk eigen handschrift en een uitgesproken vrouwelijke signatuur. Expresso streeft ernaar met hun collecties de klanten te helpen bij het accentueren van hun sterkste punten en het geraffineerd verbloemen van hun zwakkere punten. De collecties van Expresso, vier per jaar met [&hellip;]\" \/>\n<meta property=\"og:url\" content=\"https:\/\/www.xenox.nl\/en\/wall-of-fame\/expresso\/\" \/>\n<meta property=\"og:site_name\" content=\"Xenox Music Media | EN\" \/>\n<meta property=\"article:modified_time\" content=\"2023-12-04T13:21:32+00:00\" \/>\n<meta property=\"og:image\" content=\"https:\/\/www.xenox.nl\/en\/wp-content\/uploads\/sites\/7\/2022\/05\/925x600.png\" \/>\n\t<meta property=\"og:image:width\" content=\"925\" \/>\n\t<meta property=\"og:image:height\" content=\"600\" \/>\n\t<meta property=\"og:image:type\" content=\"image\/png\" \/>\n<meta name=\"twitter:card\" content=\"summary_large_image\" \/>\n<meta name=\"twitter:label1\" content=\"Est. reading time\" \/>\n\t<meta name=\"twitter:data1\" content=\"2 minutes\" \/>\n<script type=\"application\/ld+json\" class=\"yoast-schema-graph\">{\"@context\":\"https:\\\/\\\/schema.org\",\"@graph\":[{\"@type\":\"WebPage\",\"@id\":\"https:\\\/\\\/www.xenox.nl\\\/en\\\/wall-of-fame\\\/expresso\\\/\",\"url\":\"https:\\\/\\\/www.xenox.nl\\\/en\\\/wall-of-fame\\\/expresso\\\/\",\"name\":\"Expresso - Xenox Music Media | EN\",\"isPartOf\":{\"@id\":\"https:\\\/\\\/www.xenox.nl\\\/en\\\/#website\"},\"primaryImageOfPage\":{\"@id\":\"https:\\\/\\\/www.xenox.nl\\\/en\\\/wall-of-fame\\\/expresso\\\/#primaryimage\"},\"image\":{\"@id\":\"https:\\\/\\\/www.xenox.nl\\\/en\\\/wall-of-fame\\\/expresso\\\/#primaryimage\"},\"thumbnailUrl\":\"https:\\\/\\\/www.xenox.nl\\\/en\\\/wp-content\\\/uploads\\\/sites\\\/7\\\/2022\\\/05\\\/925x600.png\",\"datePublished\":\"2023-06-29T10:55:25+00:00\",\"dateModified\":\"2023-12-04T13:21:32+00:00\",\"breadcrumb\":{\"@id\":\"https:\\\/\\\/www.xenox.nl\\\/en\\\/wall-of-fame\\\/expresso\\\/#breadcrumb\"},\"inLanguage\":\"en-US\",\"potentialAction\":[{\"@type\":\"ReadAction\",\"target\":[\"https:\\\/\\\/www.xenox.nl\\\/en\\\/wall-of-fame\\\/expresso\\\/\"]}]},{\"@type\":\"ImageObject\",\"inLanguage\":\"en-US\",\"@id\":\"https:\\\/\\\/www.xenox.nl\\\/en\\\/wall-of-fame\\\/expresso\\\/#primaryimage\",\"url\":\"https:\\\/\\\/www.xenox.nl\\\/en\\\/wp-content\\\/uploads\\\/sites\\\/7\\\/2022\\\/05\\\/925x600.png\",\"contentUrl\":\"https:\\\/\\\/www.xenox.nl\\\/en\\\/wp-content\\\/uploads\\\/sites\\\/7\\\/2022\\\/05\\\/925x600.png\",\"width\":925,\"height\":600},{\"@type\":\"BreadcrumbList\",\"@id\":\"https:\\\/\\\/www.xenox.nl\\\/en\\\/wall-of-fame\\\/expresso\\\/#breadcrumb\",\"itemListElement\":[{\"@type\":\"ListItem\",\"position\":1,\"name\":\"Home\",\"item\":\"https:\\\/\\\/www.xenox.nl\\\/en\\\/\"},{\"@type\":\"ListItem\",\"position\":2,\"name\":\"Wall of Fame.\",\"item\":\"https:\\\/\\\/www.xenox.nl\\\/en\\\/wall-of-fame\\\/\"},{\"@type\":\"ListItem\",\"position\":3,\"name\":\"Expresso\"}]},{\"@type\":\"WebSite\",\"@id\":\"https:\\\/\\\/www.xenox.nl\\\/en\\\/#website\",\"url\":\"https:\\\/\\\/www.xenox.nl\\\/en\\\/\",\"name\":\"Xenox Music Media | EN\",\"description\":\"Specialist in achtergrondmuziek, muziekcomputers en narrowcasting voor o.a. de Horeca. Altijd de beste muziek en het mooiste beeld in jouw onderneming!\",\"potentialAction\":[{\"@type\":\"SearchAction\",\"target\":{\"@type\":\"EntryPoint\",\"urlTemplate\":\"https:\\\/\\\/www.xenox.nl\\\/en\\\/?s={search_term_string}\"},\"query-input\":{\"@type\":\"PropertyValueSpecification\",\"valueRequired\":true,\"valueName\":\"search_term_string\"}}],\"inLanguage\":\"en-US\"}]}<\/script>\n<!-- \/ Yoast SEO plugin. -->","yoast_head_json":{"title":"Expresso - Xenox Music Media | EN","robots":{"index":"index","follow":"follow","max-snippet":"max-snippet:-1","max-image-preview":"max-image-preview:large","max-video-preview":"max-video-preview:-1"},"canonical":"https:\/\/www.xenox.nl\/en\/wall-of-fame\/expresso\/","og_locale":"en_US","og_type":"article","og_title":"Expresso - Xenox Music Media | EN","og_description":"Ontdek de wereld van Expresso Ontdek de wereld van het Nederlandse modemerk met een duidelijk eigen handschrift en een uitgesproken vrouwelijke signatuur. Expresso streeft ernaar met hun collecties de klanten te helpen bij het accentueren van hun sterkste punten en het geraffineerd verbloemen van hun zwakkere punten. De collecties van Expresso, vier per jaar met [&hellip;]","og_url":"https:\/\/www.xenox.nl\/en\/wall-of-fame\/expresso\/","og_site_name":"Xenox Music Media | EN","article_modified_time":"2023-12-04T13:21:32+00:00","og_image":[{"width":925,"height":600,"url":"https:\/\/www.xenox.nl\/en\/wp-content\/uploads\/sites\/7\/2022\/05\/925x600.png","type":"image\/png"}],"twitter_card":"summary_large_image","twitter_misc":{"Est. reading time":"2 minutes"},"schema":{"@context":"https:\/\/schema.org","@graph":[{"@type":"WebPage","@id":"https:\/\/www.xenox.nl\/en\/wall-of-fame\/expresso\/","url":"https:\/\/www.xenox.nl\/en\/wall-of-fame\/expresso\/","name":"Expresso - Xenox Music Media | EN","isPartOf":{"@id":"https:\/\/www.xenox.nl\/en\/#website"},"primaryImageOfPage":{"@id":"https:\/\/www.xenox.nl\/en\/wall-of-fame\/expresso\/#primaryimage"},"image":{"@id":"https:\/\/www.xenox.nl\/en\/wall-of-fame\/expresso\/#primaryimage"},"thumbnailUrl":"https:\/\/www.xenox.nl\/en\/wp-content\/uploads\/sites\/7\/2022\/05\/925x600.png","datePublished":"2023-06-29T10:55:25+00:00","dateModified":"2023-12-04T13:21:32+00:00","breadcrumb":{"@id":"https:\/\/www.xenox.nl\/en\/wall-of-fame\/expresso\/#breadcrumb"},"inLanguage":"en-US","potentialAction":[{"@type":"ReadAction","target":["https:\/\/www.xenox.nl\/en\/wall-of-fame\/expresso\/"]}]},{"@type":"ImageObject","inLanguage":"en-US","@id":"https:\/\/www.xenox.nl\/en\/wall-of-fame\/expresso\/#primaryimage","url":"https:\/\/www.xenox.nl\/en\/wp-content\/uploads\/sites\/7\/2022\/05\/925x600.png","contentUrl":"https:\/\/www.xenox.nl\/en\/wp-content\/uploads\/sites\/7\/2022\/05\/925x600.png","width":925,"height":600},{"@type":"BreadcrumbList","@id":"https:\/\/www.xenox.nl\/en\/wall-of-fame\/expresso\/#breadcrumb","itemListElement":[{"@type":"ListItem","position":1,"name":"Home","item":"https:\/\/www.xenox.nl\/en\/"},{"@type":"ListItem","position":2,"name":"Wall of Fame.","item":"https:\/\/www.xenox.nl\/en\/wall-of-fame\/"},{"@type":"ListItem","position":3,"name":"Expresso"}]},{"@type":"WebSite","@id":"https:\/\/www.xenox.nl\/en\/#website","url":"https:\/\/www.xenox.nl\/en\/","name":"Xenox Music Media | EN","description":"Specialist in achtergrondmuziek, muziekcomputers en narrowcasting voor o.a. de Horeca. Altijd de beste muziek en het mooiste beeld in jouw onderneming!","potentialAction":[{"@type":"SearchAction","target":{"@type":"EntryPoint","urlTemplate":"https:\/\/www.xenox.nl\/en\/?s={search_term_string}"},"query-input":{"@type":"PropertyValueSpecification","valueRequired":true,"valueName":"search_term_string"}}],"inLanguage":"en-US"}]}},"_links":{"self":[{"href":"https:\/\/www.xenox.nl\/en\/wp-json\/wp\/v2\/pages\/3901","targetHints":{"allow":["GET"]}}],"collection":[{"href":"https:\/\/www.xenox.nl\/en\/wp-json\/wp\/v2\/pages"}],"about":[{"href":"https:\/\/www.xenox.nl\/en\/wp-json\/wp\/v2\/types\/page"}],"author":[{"embeddable":true,"href":"https:\/\/www.xenox.nl\/en\/wp-json\/wp\/v2\/users\/2"}],"replies":[{"embeddable":true,"href":"https:\/\/www.xenox.nl\/en\/wp-json\/wp\/v2\/comments?post=3901"}],"version-history":[{"count":30,"href":"https:\/\/www.xenox.nl\/en\/wp-json\/wp\/v2\/pages\/3901\/revisions"}],"predecessor-version":[{"id":6183,"href":"https:\/\/www.xenox.nl\/en\/wp-json\/wp\/v2\/pages\/3901\/revisions\/6183"}],"up":[{"embeddable":true,"href":"https:\/\/www.xenox.nl\/en\/wp-json\/wp\/v2\/pages\/217"}],"wp:featuredmedia":[{"embeddable":true,"href":"https:\/\/www.xenox.nl\/en\/wp-json\/wp\/v2\/media\/1441"}],"wp:attachment":[{"href":"https:\/\/www.xenox.nl\/en\/wp-json\/wp\/v2\/media?parent=3901"}],"curies":[{"name":"wp","href":"https:\/\/api.w.org\/{rel}","templated":true}]}}