{"id":3862,"date":"2023-06-27T11:43:19","date_gmt":"2023-06-27T09:43:19","guid":{"rendered":"https:\/\/acceptatie.xenox.nl\/?page_id=3862"},"modified":"2024-05-02T13:13:30","modified_gmt":"2024-05-02T11:13:30","slug":"my-jewellery","status":"publish","type":"page","link":"https:\/\/www.xenox.nl\/en\/wall-of-fame\/my-jewellery\/","title":{"rendered":"My Jewellery"},"content":{"rendered":"\n<h2 class=\"wp-block-heading\">Een sprankelende, feestelijke wereld<\/h2>\n\n\n\n<p>Het succesvolle merk <strong>My Jewellery<\/strong> heeft naast de webshop inmiddels 36 winkels in drie landen waar klanten in de rij staan voor de belevingswereld die oprichtster en CEO Sharon Hilgers de afgelopen jaren heeft neergezet: een sprankelende, feestelijke wereld met betaalbaar design! Wij verzorgen een op maat gemaakt muziekconcept die de merkidentiteit versterkt. De tv-schermen in de winkel en etalages worden aangestuurd door de Spotlight Media Player, via onze software XMS zorgt My Jewellery dat de juiste content op de juiste schermen getoond wordt.<\/p>\n\n\n\n<p class=\"has-medium-font-size\"><\/p>\n\n\n\n<figure class=\"wp-block-gallery has-nested-images columns-2 wp-block-gallery-1 is-layout-flex wp-block-gallery-is-layout-flex\">\n<figure class=\"wp-block-image size-large\"><img loading=\"lazy\" decoding=\"async\" width=\"1024\" height=\"683\" data-id=\"3885\" src=\"https:\/\/www.xenox.nl\/wp-content\/uploads\/sites\/7\/2023\/06\/My-Jewellery-1-1024x683.webp\" alt=\"\" class=\"wp-image-3885\" srcset=\"https:\/\/www.xenox.nl\/en\/wp-content\/uploads\/sites\/7\/2023\/06\/My-Jewellery-1-1024x683.webp 1024w, https:\/\/www.xenox.nl\/en\/wp-content\/uploads\/sites\/7\/2023\/06\/My-Jewellery-1-300x200.webp 300w, https:\/\/www.xenox.nl\/en\/wp-content\/uploads\/sites\/7\/2023\/06\/My-Jewellery-1-768x512.webp 768w, https:\/\/www.xenox.nl\/en\/wp-content\/uploads\/sites\/7\/2023\/06\/My-Jewellery-1-1536x1024.webp 1536w, https:\/\/www.xenox.nl\/en\/wp-content\/uploads\/sites\/7\/2023\/06\/My-Jewellery-1-900x600.webp 900w, https:\/\/www.xenox.nl\/en\/wp-content\/uploads\/sites\/7\/2023\/06\/My-Jewellery-1-480x320.webp 480w, https:\/\/www.xenox.nl\/en\/wp-content\/uploads\/sites\/7\/2023\/06\/My-Jewellery-1-210x140.webp 210w, https:\/\/www.xenox.nl\/en\/wp-content\/uploads\/sites\/7\/2023\/06\/My-Jewellery-1-750x500.webp 750w, https:\/\/www.xenox.nl\/en\/wp-content\/uploads\/sites\/7\/2023\/06\/My-Jewellery-1-600x400.webp 600w, https:\/\/www.xenox.nl\/en\/wp-content\/uploads\/sites\/7\/2023\/06\/My-Jewellery-1-696x464.webp 696w, https:\/\/www.xenox.nl\/en\/wp-content\/uploads\/sites\/7\/2023\/06\/My-Jewellery-1.webp 2048w\" sizes=\"auto, (max-width: 1024px) 100vw, 1024px\" \/><figcaption class=\"wp-element-caption\">Bron: indebuurt.nl<\/figcaption><\/figure>\n\n\n\n<figure class=\"wp-block-image size-large\"><img loading=\"lazy\" decoding=\"async\" width=\"1024\" height=\"767\" data-id=\"3887\" src=\"https:\/\/www.xenox.nl\/wp-content\/uploads\/sites\/7\/2023\/06\/MRS_211017_15787-tif-1024x767.webp\" alt=\"\" class=\"wp-image-3887\" srcset=\"https:\/\/www.xenox.nl\/en\/wp-content\/uploads\/sites\/7\/2023\/06\/MRS_211017_15787-tif-1024x767.webp 1024w, https:\/\/www.xenox.nl\/en\/wp-content\/uploads\/sites\/7\/2023\/06\/MRS_211017_15787-tif-300x225.webp 300w, https:\/\/www.xenox.nl\/en\/wp-content\/uploads\/sites\/7\/2023\/06\/MRS_211017_15787-tif-768x575.webp 768w, https:\/\/www.xenox.nl\/en\/wp-content\/uploads\/sites\/7\/2023\/06\/MRS_211017_15787-tif-1536x1150.webp 1536w, https:\/\/www.xenox.nl\/en\/wp-content\/uploads\/sites\/7\/2023\/06\/MRS_211017_15787-tif-801x600.webp 801w, https:\/\/www.xenox.nl\/en\/wp-content\/uploads\/sites\/7\/2023\/06\/MRS_211017_15787-tif-480x360.webp 480w, https:\/\/www.xenox.nl\/en\/wp-content\/uploads\/sites\/7\/2023\/06\/MRS_211017_15787-tif-210x157.webp 210w, https:\/\/www.xenox.nl\/en\/wp-content\/uploads\/sites\/7\/2023\/06\/MRS_211017_15787-tif-750x562.webp 750w, https:\/\/www.xenox.nl\/en\/wp-content\/uploads\/sites\/7\/2023\/06\/MRS_211017_15787-tif-600x449.webp 600w, https:\/\/www.xenox.nl\/en\/wp-content\/uploads\/sites\/7\/2023\/06\/MRS_211017_15787-tif-619x464.webp 619w, https:\/\/www.xenox.nl\/en\/wp-content\/uploads\/sites\/7\/2023\/06\/MRS_211017_15787-tif.webp 2000w\" sizes=\"auto, (max-width: 1024px) 100vw, 1024px\" \/><figcaption class=\"wp-element-caption\">Bron: My Jewellery<\/figcaption><\/figure>\n<\/figure>\n\n\n\n<p>In de afgelopen jaren heeft My Jewellery een opmerkelijke transformatie ondergaan. Wat ooit begon als een webshop, is uitgegroeid tot een volledig lifestyle-merk dat klanten in de rij laat staan voor de unieke belevingswereld die het cre\u00ebert. Bij deze transformatie heeft Xenox My Jewellery ondersteund door een op maat gemaakt muziekkanaal te cre\u00ebren. Het muziekkanaal is ge\u00efnspireerd op de Lounge Ibiza stijl, en we wisselen deze tracks af met vergelijkbare nummers, voornamelijk uit het lo-fi house genre. Ons doel is om minder commerci\u00eble tracks te selecteren en te kiezen voor een meer &#8216;sophisticated&#8217; geluid dat past bij de sfeer van My Jewellery.<\/p>\n\n\n\n<p><\/p>\n\n\n\n<p><\/p>\n\n\n\n<blockquote class=\"wp-block-quote is-layout-flow wp-block-quote-is-layout-flow\">\n<p>Ons doel is om minder commerci\u00eble tracks te selecteren en te kiezen voor een meer <strong>sophisticated geluid <\/strong>dat past bij de sfeer van My Jewellery<\/p>\n<\/blockquote>\n\n\n\n<p><\/p>\n\n\n\n<p>Met 36 winkels verspreid over drie landen heeft My Jewellery een indrukwekkende groei doorgemaakt. Het merk heeft zichzelf weten te onderscheiden door een sprankelende en feestelijke sfeer te cre\u00ebren, gecombineerd met betaalbaar design. Het draait niet alleen om de producten die worden aangeboden, maar ook om de algehele winkelervaring die klanten trekt en hen onderdompelt in de wereld van My Jewellery.<\/p>\n\n\n\n<p>Een cruciaal element in het cre\u00ebren van deze belevingswereld is het gebruik van muziek. Hier komt Xenox in beeld. Wij hebben in samenwerking met de marketingafdeling van My Jewellery een op maat gemaakt muziekconcept ontwikkeld die perfect aansluit bij de merkidentiteit. Door het gebruik van de Spotlight Media Player en bijbehorende software kan My Jewellery de juiste content op de tv-schermen in de winkel en etalages tonen. Dit stelt het merk zelf in staat om een consistente en passende visuals te tonen aan de klanten, waarbij zowel visuele als auditieve prikkels worden gebruikt om de gewenste sfeer te cre\u00ebren.<\/p>\n\n\n\n<p><\/p>\n\n\n\n\n\n<p><\/p>\n\n\n\n<h2 class=\"wp-block-heading\">De rol van muziek<\/h2>\n\n\n\n<p>De zorgvuldig geselecteerde muziek draagt bij aan de identiteit van het merk en versterkt de emoties en gevoelens die klanten ervaren tijdens het winkelen. Het stelt My Jewellery in staat om een onderscheidende ervaring te bieden, waardoor klanten steeds terugkeren en enthousiast zijn om de winkels te bezoeken.<\/p>\n\n\n\n<p>De evolutie van My Jewellery van een webshop naar een volledig lifestyle-merk is een inspirerend voorbeeld. Het laat zien hoe een sterke merkidentiteit en de juiste partnerschappen kunnen bijdragen aan het cre\u00ebren van een unieke belevingswereld. Het succes van My Jewellery is niet alleen te danken aan de kwaliteit van de producten, maar ook aan de aandacht voor detail en het vermogen om een omgeving te cre\u00ebren die klanten aanspreekt op zowel emotioneel als esthetisch niveau.<\/p>\n\n\n\n<blockquote class=\"wp-block-quote has-text-align-center is-layout-flow wp-block-quote-is-layout-flow\">\n<p class=\"has-text-align-center\">De evolutie van My Jewellery naar een volledig lifestyle-merk illustreert de kracht van een sterke merkidentiteit en strategische samenwerkingen, die samen een unieke belevingswereld cre\u00ebren<\/p>\n\n\n\n<p><\/p>\n<\/blockquote>\n\n\n\n\n\n\n\n<figure class=\"wp-block-image size-large\"><img loading=\"lazy\" decoding=\"async\" width=\"1024\" height=\"1024\" src=\"https:\/\/www.xenox.nl\/wp-content\/uploads\/sites\/7\/2023\/06\/My-jewellery-3-2048x2048-1-1024x1024.webp\" alt=\"\" class=\"wp-image-3883\" srcset=\"https:\/\/www.xenox.nl\/en\/wp-content\/uploads\/sites\/7\/2023\/06\/My-jewellery-3-2048x2048-1-1024x1024.webp 1024w, https:\/\/www.xenox.nl\/en\/wp-content\/uploads\/sites\/7\/2023\/06\/My-jewellery-3-2048x2048-1-300x300.webp 300w, https:\/\/www.xenox.nl\/en\/wp-content\/uploads\/sites\/7\/2023\/06\/My-jewellery-3-2048x2048-1-150x150.webp 150w, https:\/\/www.xenox.nl\/en\/wp-content\/uploads\/sites\/7\/2023\/06\/My-jewellery-3-2048x2048-1-768x768.webp 768w, https:\/\/www.xenox.nl\/en\/wp-content\/uploads\/sites\/7\/2023\/06\/My-jewellery-3-2048x2048-1-1536x1536.webp 1536w, https:\/\/www.xenox.nl\/en\/wp-content\/uploads\/sites\/7\/2023\/06\/My-jewellery-3-2048x2048-1.webp 2048w, https:\/\/www.xenox.nl\/en\/wp-content\/uploads\/sites\/7\/2023\/06\/My-jewellery-3-2048x2048-1-600x600.webp 600w, https:\/\/www.xenox.nl\/en\/wp-content\/uploads\/sites\/7\/2023\/06\/My-jewellery-3-2048x2048-1-480x480.webp 480w, https:\/\/www.xenox.nl\/en\/wp-content\/uploads\/sites\/7\/2023\/06\/My-jewellery-3-2048x2048-1-210x210.webp 210w, https:\/\/www.xenox.nl\/en\/wp-content\/uploads\/sites\/7\/2023\/06\/My-jewellery-3-2048x2048-1-464x464.webp 464w\" sizes=\"auto, (max-width: 1024px) 100vw, 1024px\" \/><figcaption class=\"wp-element-caption\">Bron: My Jewellery<\/figcaption><\/figure>\n","protected":false},"excerpt":{"rendered":"<p>Een sprankelende, feestelijke wereld Het succesvolle merk My Jewellery heeft naast de webshop inmiddels 36 winkels in drie landen waar klanten in de rij staan voor de belevingswereld die oprichtster en CEO Sharon Hilgers de afgelopen jaren heeft neergezet: een sprankelende, feestelijke wereld met betaalbaar design! Wij verzorgen een op maat gemaakt muziekconcept die de [&hellip;]<\/p>\n","protected":false},"author":2,"featured_media":1441,"parent":217,"menu_order":0,"comment_status":"closed","ping_status":"closed","template":"","meta":{"_acf_changed":false,"_trash_the_other_posts":false,"editor_notices":[],"footnotes":""},"class_list":["post-3862","page","type-page","status-publish","has-post-thumbnail","hentry"],"acf":[],"yoast_head":"<!-- This site is optimized with the Yoast SEO plugin v27.3 - https:\/\/yoast.com\/product\/yoast-seo-wordpress\/ -->\n<title>My Jewellery - Xenox Music Media | EN<\/title>\n<meta name=\"robots\" content=\"index, follow, max-snippet:-1, max-image-preview:large, max-video-preview:-1\" \/>\n<link rel=\"canonical\" href=\"https:\/\/www.xenox.nl\/en\/wall-of-fame\/my-jewellery\/\" \/>\n<meta property=\"og:locale\" content=\"en_US\" \/>\n<meta property=\"og:type\" content=\"article\" \/>\n<meta property=\"og:title\" content=\"My Jewellery - Xenox Music Media | EN\" \/>\n<meta property=\"og:description\" content=\"Een sprankelende, feestelijke wereld Het succesvolle merk My Jewellery heeft naast de webshop inmiddels 36 winkels in drie landen waar klanten in de rij staan voor de belevingswereld die oprichtster en CEO Sharon Hilgers de afgelopen jaren heeft neergezet: een sprankelende, feestelijke wereld met betaalbaar design! Wij verzorgen een op maat gemaakt muziekconcept die de [&hellip;]\" \/>\n<meta property=\"og:url\" content=\"https:\/\/www.xenox.nl\/en\/wall-of-fame\/my-jewellery\/\" \/>\n<meta property=\"og:site_name\" content=\"Xenox Music Media | EN\" \/>\n<meta property=\"article:modified_time\" content=\"2024-05-02T11:13:30+00:00\" \/>\n<meta property=\"og:image\" content=\"https:\/\/www.xenox.nl\/en\/wp-content\/uploads\/sites\/7\/2022\/05\/925x600.png\" \/>\n\t<meta property=\"og:image:width\" content=\"925\" \/>\n\t<meta property=\"og:image:height\" content=\"600\" \/>\n\t<meta property=\"og:image:type\" content=\"image\/png\" \/>\n<meta name=\"twitter:card\" content=\"summary_large_image\" \/>\n<meta name=\"twitter:label1\" content=\"Est. reading time\" \/>\n\t<meta name=\"twitter:data1\" content=\"3 minutes\" \/>\n<script type=\"application\/ld+json\" class=\"yoast-schema-graph\">{\"@context\":\"https:\\\/\\\/schema.org\",\"@graph\":[{\"@type\":\"WebPage\",\"@id\":\"https:\\\/\\\/www.xenox.nl\\\/en\\\/wall-of-fame\\\/my-jewellery\\\/\",\"url\":\"https:\\\/\\\/www.xenox.nl\\\/en\\\/wall-of-fame\\\/my-jewellery\\\/\",\"name\":\"My Jewellery - Xenox Music Media | EN\",\"isPartOf\":{\"@id\":\"https:\\\/\\\/www.xenox.nl\\\/en\\\/#website\"},\"primaryImageOfPage\":{\"@id\":\"https:\\\/\\\/www.xenox.nl\\\/en\\\/wall-of-fame\\\/my-jewellery\\\/#primaryimage\"},\"image\":{\"@id\":\"https:\\\/\\\/www.xenox.nl\\\/en\\\/wall-of-fame\\\/my-jewellery\\\/#primaryimage\"},\"thumbnailUrl\":\"https:\\\/\\\/www.xenox.nl\\\/en\\\/wp-content\\\/uploads\\\/sites\\\/7\\\/2022\\\/05\\\/925x600.png\",\"datePublished\":\"2023-06-27T09:43:19+00:00\",\"dateModified\":\"2024-05-02T11:13:30+00:00\",\"breadcrumb\":{\"@id\":\"https:\\\/\\\/www.xenox.nl\\\/en\\\/wall-of-fame\\\/my-jewellery\\\/#breadcrumb\"},\"inLanguage\":\"en-US\",\"potentialAction\":[{\"@type\":\"ReadAction\",\"target\":[\"https:\\\/\\\/www.xenox.nl\\\/en\\\/wall-of-fame\\\/my-jewellery\\\/\"]}]},{\"@type\":\"ImageObject\",\"inLanguage\":\"en-US\",\"@id\":\"https:\\\/\\\/www.xenox.nl\\\/en\\\/wall-of-fame\\\/my-jewellery\\\/#primaryimage\",\"url\":\"https:\\\/\\\/www.xenox.nl\\\/en\\\/wp-content\\\/uploads\\\/sites\\\/7\\\/2022\\\/05\\\/925x600.png\",\"contentUrl\":\"https:\\\/\\\/www.xenox.nl\\\/en\\\/wp-content\\\/uploads\\\/sites\\\/7\\\/2022\\\/05\\\/925x600.png\",\"width\":925,\"height\":600},{\"@type\":\"BreadcrumbList\",\"@id\":\"https:\\\/\\\/www.xenox.nl\\\/en\\\/wall-of-fame\\\/my-jewellery\\\/#breadcrumb\",\"itemListElement\":[{\"@type\":\"ListItem\",\"position\":1,\"name\":\"Home\",\"item\":\"https:\\\/\\\/www.xenox.nl\\\/en\\\/\"},{\"@type\":\"ListItem\",\"position\":2,\"name\":\"Wall of Fame.\",\"item\":\"https:\\\/\\\/www.xenox.nl\\\/en\\\/wall-of-fame\\\/\"},{\"@type\":\"ListItem\",\"position\":3,\"name\":\"My Jewellery\"}]},{\"@type\":\"WebSite\",\"@id\":\"https:\\\/\\\/www.xenox.nl\\\/en\\\/#website\",\"url\":\"https:\\\/\\\/www.xenox.nl\\\/en\\\/\",\"name\":\"Xenox Music Media | EN\",\"description\":\"Specialist in achtergrondmuziek, muziekcomputers en narrowcasting voor o.a. de Horeca. Altijd de beste muziek en het mooiste beeld in jouw onderneming!\",\"potentialAction\":[{\"@type\":\"SearchAction\",\"target\":{\"@type\":\"EntryPoint\",\"urlTemplate\":\"https:\\\/\\\/www.xenox.nl\\\/en\\\/?s={search_term_string}\"},\"query-input\":{\"@type\":\"PropertyValueSpecification\",\"valueRequired\":true,\"valueName\":\"search_term_string\"}}],\"inLanguage\":\"en-US\"}]}<\/script>\n<!-- \/ Yoast SEO plugin. -->","yoast_head_json":{"title":"My Jewellery - Xenox Music Media | EN","robots":{"index":"index","follow":"follow","max-snippet":"max-snippet:-1","max-image-preview":"max-image-preview:large","max-video-preview":"max-video-preview:-1"},"canonical":"https:\/\/www.xenox.nl\/en\/wall-of-fame\/my-jewellery\/","og_locale":"en_US","og_type":"article","og_title":"My Jewellery - Xenox Music Media | EN","og_description":"Een sprankelende, feestelijke wereld Het succesvolle merk My Jewellery heeft naast de webshop inmiddels 36 winkels in drie landen waar klanten in de rij staan voor de belevingswereld die oprichtster en CEO Sharon Hilgers de afgelopen jaren heeft neergezet: een sprankelende, feestelijke wereld met betaalbaar design! Wij verzorgen een op maat gemaakt muziekconcept die de [&hellip;]","og_url":"https:\/\/www.xenox.nl\/en\/wall-of-fame\/my-jewellery\/","og_site_name":"Xenox Music Media | EN","article_modified_time":"2024-05-02T11:13:30+00:00","og_image":[{"width":925,"height":600,"url":"https:\/\/www.xenox.nl\/en\/wp-content\/uploads\/sites\/7\/2022\/05\/925x600.png","type":"image\/png"}],"twitter_card":"summary_large_image","twitter_misc":{"Est. reading time":"3 minutes"},"schema":{"@context":"https:\/\/schema.org","@graph":[{"@type":"WebPage","@id":"https:\/\/www.xenox.nl\/en\/wall-of-fame\/my-jewellery\/","url":"https:\/\/www.xenox.nl\/en\/wall-of-fame\/my-jewellery\/","name":"My Jewellery - Xenox Music Media | EN","isPartOf":{"@id":"https:\/\/www.xenox.nl\/en\/#website"},"primaryImageOfPage":{"@id":"https:\/\/www.xenox.nl\/en\/wall-of-fame\/my-jewellery\/#primaryimage"},"image":{"@id":"https:\/\/www.xenox.nl\/en\/wall-of-fame\/my-jewellery\/#primaryimage"},"thumbnailUrl":"https:\/\/www.xenox.nl\/en\/wp-content\/uploads\/sites\/7\/2022\/05\/925x600.png","datePublished":"2023-06-27T09:43:19+00:00","dateModified":"2024-05-02T11:13:30+00:00","breadcrumb":{"@id":"https:\/\/www.xenox.nl\/en\/wall-of-fame\/my-jewellery\/#breadcrumb"},"inLanguage":"en-US","potentialAction":[{"@type":"ReadAction","target":["https:\/\/www.xenox.nl\/en\/wall-of-fame\/my-jewellery\/"]}]},{"@type":"ImageObject","inLanguage":"en-US","@id":"https:\/\/www.xenox.nl\/en\/wall-of-fame\/my-jewellery\/#primaryimage","url":"https:\/\/www.xenox.nl\/en\/wp-content\/uploads\/sites\/7\/2022\/05\/925x600.png","contentUrl":"https:\/\/www.xenox.nl\/en\/wp-content\/uploads\/sites\/7\/2022\/05\/925x600.png","width":925,"height":600},{"@type":"BreadcrumbList","@id":"https:\/\/www.xenox.nl\/en\/wall-of-fame\/my-jewellery\/#breadcrumb","itemListElement":[{"@type":"ListItem","position":1,"name":"Home","item":"https:\/\/www.xenox.nl\/en\/"},{"@type":"ListItem","position":2,"name":"Wall of Fame.","item":"https:\/\/www.xenox.nl\/en\/wall-of-fame\/"},{"@type":"ListItem","position":3,"name":"My Jewellery"}]},{"@type":"WebSite","@id":"https:\/\/www.xenox.nl\/en\/#website","url":"https:\/\/www.xenox.nl\/en\/","name":"Xenox Music Media | EN","description":"Specialist in achtergrondmuziek, muziekcomputers en narrowcasting voor o.a. de Horeca. Altijd de beste muziek en het mooiste beeld in jouw onderneming!","potentialAction":[{"@type":"SearchAction","target":{"@type":"EntryPoint","urlTemplate":"https:\/\/www.xenox.nl\/en\/?s={search_term_string}"},"query-input":{"@type":"PropertyValueSpecification","valueRequired":true,"valueName":"search_term_string"}}],"inLanguage":"en-US"}]}},"_links":{"self":[{"href":"https:\/\/www.xenox.nl\/en\/wp-json\/wp\/v2\/pages\/3862","targetHints":{"allow":["GET"]}}],"collection":[{"href":"https:\/\/www.xenox.nl\/en\/wp-json\/wp\/v2\/pages"}],"about":[{"href":"https:\/\/www.xenox.nl\/en\/wp-json\/wp\/v2\/types\/page"}],"author":[{"embeddable":true,"href":"https:\/\/www.xenox.nl\/en\/wp-json\/wp\/v2\/users\/2"}],"replies":[{"embeddable":true,"href":"https:\/\/www.xenox.nl\/en\/wp-json\/wp\/v2\/comments?post=3862"}],"version-history":[{"count":25,"href":"https:\/\/www.xenox.nl\/en\/wp-json\/wp\/v2\/pages\/3862\/revisions"}],"predecessor-version":[{"id":10175,"href":"https:\/\/www.xenox.nl\/en\/wp-json\/wp\/v2\/pages\/3862\/revisions\/10175"}],"up":[{"embeddable":true,"href":"https:\/\/www.xenox.nl\/en\/wp-json\/wp\/v2\/pages\/217"}],"wp:featuredmedia":[{"embeddable":true,"href":"https:\/\/www.xenox.nl\/en\/wp-json\/wp\/v2\/media\/1441"}],"wp:attachment":[{"href":"https:\/\/www.xenox.nl\/en\/wp-json\/wp\/v2\/media?parent=3862"}],"curies":[{"name":"wp","href":"https:\/\/api.w.org\/{rel}","templated":true}]}}